{"id":22306,"date":"2024-12-17T11:51:43","date_gmt":"2024-12-17T10:51:43","guid":{"rendered":"https:\/\/www.polskicement.pl\/about-us\/supporting-members\/"},"modified":"2025-03-19T15:06:59","modified_gmt":"2025-03-19T14:06:59","slug":"supporting-members","status":"publish","type":"page","link":"https:\/\/www.polskicement.pl\/en\/about-us\/supporting-members\/","title":{"rendered":"Supporting members"},"content":{"rendered":"<div class=\"b-members\">\n    <div class=\"container\">\n                    <div class=\"row b-members__spacer\">\n                <div class=\"col-lg-1 b-members__relative\">\n                    <span class=\"b-members__letter\">\n                        C\n                    <\/span>\n                <\/div>\n                <div class=\"col-lg-11\">\n                                            <div class=\"row b-members__separator\">\n                            <div class=\"col-lg-3\">\n                                <img loading=\"lazy\" decoding=\"async\" width=\"232\" height=\"72\" src=\"https:\/\/www.polskicement.pl\/content\/uploads\/2025\/01\/cementownia-ozarow.png\" class=\"b-members__image\" alt=\"\" srcset=\"https:\/\/www.polskicement.pl\/content\/uploads\/2025\/01\/cementownia-ozarow.png 232w, https:\/\/www.polskicement.pl\/content\/uploads\/2025\/01\/cementownia-ozarow-200x62.png 200w\" sizes=\"auto, (max-width: 232px) 100vw, 232px\" \/>\n                            <\/div>\n                            <div class=\"col-lg-9\">\n                                <div class=\"row\">\n                                                                            <div class=\"col-lg-4\">\n                                            <div class=\"b-members__content\">\n                                                <p><strong>CEMENT O\u017bAR\u00d3W S.A.<\/strong><\/p>\n<p><strong>Board Office<\/strong><br \/>\nKsi\u0119dza Ignacego Skorupki 5<br \/>\n00-546 Warszawa<br \/>\ntel. +48 (22) 583 76 00<\/p>\n\n                                            <\/div>\n                                        <\/div>\n                                                                            <div class=\"col-lg-4\">\n                                            <div class=\"b-members__content\">\n                                                <p><strong>O\u017car\u00f3w Cement Plant<\/strong><br \/>\n27-530 O\u017car\u00f3w, Karsy 77<br \/>\ntel.centr.: \u00a0(+48)\u00a015\u00a0839\u00a011 00<br \/>\ntel.sekr.: \u00a0(+48)\u00a015\u00a0839\u00a011\u00a006\u00a0 (7)<br \/>\nfax: (+48) 15 839 11 08<br \/>\n<a href=\"http:\/\/www.ozarow.com.pl\/\" rel=\"nofollow noopener\" target=\"_blank\">www.ozarow.com.pl<\/a><br \/>\ne-mail:\u00a0<a href=\"mailto:gosa@ozarow.com.pl\">cosa@ozarow.com.pl<\/a><\/p>\n\n                                            <\/div>\n                                        <\/div>\n                                                                    <\/div>\n                            <\/div>\n                        <\/div>\n                                            <div class=\"row b-members__separator\">\n                            <div class=\"col-lg-3\">\n                                <img loading=\"lazy\" decoding=\"async\" width=\"256\" height=\"72\" src=\"https:\/\/www.polskicement.pl\/content\/uploads\/2025\/01\/odra.png\" class=\"b-members__image\" alt=\"\" srcset=\"https:\/\/www.polskicement.pl\/content\/uploads\/2025\/01\/odra.png 256w, https:\/\/www.polskicement.pl\/content\/uploads\/2025\/01\/odra-200x56.png 200w\" sizes=\"auto, (max-width: 256px) 100vw, 256px\" \/>\n                            <\/div>\n                            <div class=\"col-lg-9\">\n                                <div class=\"row\">\n                                                                            <div class=\"col-lg-4\">\n                                            <div class=\"b-members__content\">\n                                                <p><strong>Cementownia ODRA S.A.<\/strong><\/p>\n<p>45-005 Opole, Budowlanych 9<br \/>\ntel.centr.: \u00a0(+48)\u00a077\u00a0402\u00a008\u00a099<br \/>\ntel.sek. \u00a0(+48)\u00a077\u00a0402\u00a008\u00a010<br \/>\nfax sekr.: (+48) 77 454 28 60<br \/>\n<a href=\"http:\/\/www.odrasa.com.pl\/\" rel=\"nofollow noopener\" target=\"_blank\">www.odrasa.com.pl<\/a><br \/>\ne-mail:\u00a0<a href=\"mailto:info@odrasa.com.pl\">info@odrasa.com.pl<\/a><\/p>\n\n                                            <\/div>\n                                        <\/div>\n                                                                    <\/div>\n                            <\/div>\n                        <\/div>\n                                            <div class=\"row b-members__separator\">\n                            <div class=\"col-lg-3\">\n                                <img loading=\"lazy\" decoding=\"async\" width=\"131\" height=\"102\" src=\"https:\/\/www.polskicement.pl\/content\/uploads\/2025\/01\/warta.png\" class=\"b-members__image\" alt=\"\" \/>\n                            <\/div>\n                            <div class=\"col-lg-9\">\n                                <div class=\"row\">\n                                                                            <div class=\"col-lg-4\">\n                                            <div class=\"b-members__content\">\n                                                <p><strong>CEMENTOWNIA WARTA S.A.<\/strong><\/p>\n<p>98-355 Dzia\u0142oszyn, \u0141\u00f3dzkie<br \/>\nTr\u0119baczew, Przemys\u0142owa 17<br \/>\ntel.centr.: \u00a0(+48)\u00a043\u00a0841\u00a030\u00a003<br \/>\ntel.sekr.: \u00a0(+48)\u00a043\u00a0840\u00a034\u00a016<br \/>\nfax sekr.: (+48) 43\u00a0840\u00a031 31<br \/>\n<a href=\"http:\/\/www.wartasa.com.pl\/\" rel=\"nofollow noopener\" target=\"_blank\">www.wartasa.com.pl<\/a><br \/>\ne-mail:\u00a0<a href=\"mailto:info@wartasa.com.pl\">info@wartasa.com.pl<\/a><\/p>\n\n                                            <\/div>\n                                        <\/div>\n                                                                    <\/div>\n                            <\/div>\n                        <\/div>\n                                            <div class=\"row b-members__separator\">\n                            <div class=\"col-lg-3\">\n                                <img loading=\"lazy\" decoding=\"async\" width=\"240\" height=\"72\" src=\"https:\/\/www.polskicement.pl\/content\/uploads\/2025\/01\/cemex.png\" class=\"b-members__image\" alt=\"\" srcset=\"https:\/\/www.polskicement.pl\/content\/uploads\/2025\/01\/cemex.png 240w, https:\/\/www.polskicement.pl\/content\/uploads\/2025\/01\/cemex-200x60.png 200w\" sizes=\"auto, (max-width: 240px) 100vw, 240px\" \/>\n                            <\/div>\n                            <div class=\"col-lg-9\">\n                                <div class=\"row\">\n                                                                            <div class=\"col-lg-4\">\n                                            <div class=\"b-members__content\">\n                                                <p><strong>CEMEX Polska Sp. z o.o.<\/strong><\/p>\n<p><strong>Board Office<\/strong><br \/>\n02-255 Warszawa, Krakowiak\u00f3w 46<br \/>\ntel. centr.:\u00a0\u00a0(+48)\u00a022\u00a0571\u00a041\u00a000<br \/>\nfax: (+48) 22 571 41 01<br \/>\n<a href=\"http:\/\/www.cemex.pl\/\" rel=\"nofollow noopener\" target=\"_blank\">www.cemex.pl<\/a><\/p>\n\n                                            <\/div>\n                                        <\/div>\n                                                                            <div class=\"col-lg-4\">\n                                            <div class=\"b-members__content\">\n                                                <p><strong>CHE\u0141M Cement Plant<\/strong><br \/>\n22-100 Che\u0142m, Fabryczna 6<br \/>\ntel. centr.: (+48)\u00a082\u00a0564\u00a061\u00a000<br \/>\nfax: (+48) 82 563 04 12<br \/>\n<a href=\"http:\/\/www.cemex.pl\/\" rel=\"nofollow noopener\" target=\"_blank\">www.cemex.pl<\/a><\/p>\n\n                                            <\/div>\n                                        <\/div>\n                                                                            <div class=\"col-lg-4\">\n                                            <div class=\"b-members__content\">\n                                                <p><strong>RUDNIKI Cement Plant<\/strong><br \/>\n42-240 Rudniki, Mstowska 10<br \/>\ntel. centr.:\u00a0(+48)\u00a034\u00a0321\u00a005\u00a000<br \/>\nfax: (+48) 34 321 05 45<br \/>\n<a href=\"http:\/\/www.cemex.pl\/\" rel=\"nofollow noopener\" target=\"_blank\">www.cemex.pl<\/a><\/p>\n\n                                            <\/div>\n                                        <\/div>\n                                                                            <div class=\"col-lg-4\">\n                                            <div class=\"b-members__content\">\n                                                <p><strong>Gdynia Grinding Plant<\/strong><br \/>\n81-980 Gdynia, Energetyk\u00f3w 1<br \/>\ntel. +48 800 700 077<br \/>\n<a href=\"http:\/\/www.cemex.pl\/\" rel=\"nofollow noopener\" target=\"_blank\">www.cemex.pl<\/a><\/p>\n\n                                            <\/div>\n                                        <\/div>\n                                                                    <\/div>\n                            <\/div>\n                        <\/div>\n                                    <\/div>\n            <\/div>\n                    <div class=\"row b-members__spacer\">\n                <div class=\"col-lg-1 b-members__relative\">\n                    <span class=\"b-members__letter\">\n                        D\n                    <\/span>\n                <\/div>\n                <div class=\"col-lg-11\">\n                                            <div class=\"row b-members__separator\">\n                            <div class=\"col-lg-3\">\n                                <img loading=\"lazy\" decoding=\"async\" width=\"256\" height=\"72\" src=\"https:\/\/www.polskicement.pl\/content\/uploads\/2025\/01\/dyckerhoff.png\" class=\"b-members__image\" alt=\"\" srcset=\"https:\/\/www.polskicement.pl\/content\/uploads\/2025\/01\/dyckerhoff.png 256w, https:\/\/www.polskicement.pl\/content\/uploads\/2025\/01\/dyckerhoff-200x56.png 200w\" sizes=\"auto, (max-width: 256px) 100vw, 256px\" \/>\n                            <\/div>\n                            <div class=\"col-lg-9\">\n                                <div class=\"row\">\n                                                                            <div class=\"col-lg-4\">\n                                            <div class=\"b-members__content\">\n                                                <p><strong>Dyckerhoff Polska Sp. z o.o.<\/strong><\/p>\n<p><strong>Nowiny Cement Plant<\/strong><br \/>\n26-052 Sitk\u00f3wka-Nowiny, Zak\u0142adowa 3, \u015awi\u0119tokrzyskie<br \/>\ntel. centr.: (+48)\u00a041\u00a0346\u00a060\u00a000<br \/>\ntel.sekr.: (+48)\u00a041\u00a0346\u00a065\u00a065, 34666 10, 346 64 54<br \/>\nfax: (+48) 41 346 64 88, 346 60 67<br \/>\n<a href=\"http:\/\/www.dyckerhoff.pl\/\" rel=\"nofollow noopener\" target=\"_blank\">www.dyckerhoff.pl<\/a><\/p>\n\n                                            <\/div>\n                                        <\/div>\n                                                                    <\/div>\n                            <\/div>\n                        <\/div>\n                                    <\/div>\n            <\/div>\n                    <div class=\"row b-members__spacer\">\n                <div class=\"col-lg-1 b-members__relative\">\n                    <span class=\"b-members__letter\">\n                        G\n                    <\/span>\n                <\/div>\n                <div class=\"col-lg-11\">\n                                            <div class=\"row b-members__separator\">\n                            <div class=\"col-lg-3\">\n                                <img loading=\"lazy\" decoding=\"async\" width=\"204\" height=\"58\" src=\"https:\/\/www.polskicement.pl\/content\/uploads\/2025\/01\/heidelberg.png\" class=\"b-members__image\" alt=\"\" srcset=\"https:\/\/www.polskicement.pl\/content\/uploads\/2025\/01\/heidelberg.png 204w, https:\/\/www.polskicement.pl\/content\/uploads\/2025\/01\/heidelberg-200x57.png 200w\" sizes=\"auto, (max-width: 204px) 100vw, 204px\" \/>\n                            <\/div>\n                            <div class=\"col-lg-9\">\n                                <div class=\"row\">\n                                                                            <div class=\"col-lg-4\">\n                                            <div class=\"b-members__content\">\n                                                <p><strong>G\u00d3RA\u017bD\u017bE CEMENT S.A.<\/strong><\/p>\n<p><strong>G\u00f3ra\u017cd\u017ce Cement Plant<\/strong><br \/>\nChorula, ul. Cementowa 1,<br \/>\n47-316 G\u00f3ra\u017cd\u017ce<br \/>\ntel.centr.:(+48) 77 777 80 00<br \/>\nfax sekr.: (+48) 77 777 84 42<br \/>\n<a href=\"https:\/\/www.heidelbergmaterials.pl\/pl\" target=\"_blank\" rel=\"noreferrer noopener nofollow\" data-type=\"URL\" data-id=\"https:\/\/www.heidelbergmaterials.pl\/pl\">www.heidelbergmaterials.pl\/pl<\/a><br \/>\ne-mail:\u00a0<a href=\"mailto:gorazdze@gorazdze.pl\">biuro@heidelbergmaterials.com<\/a><\/p>\n\n                                            <\/div>\n                                        <\/div>\n                                                                            <div class=\"col-lg-4\">\n                                            <div class=\"b-members__content\">\n                                                <p><strong>EKOCEM Grinding Plant<\/strong><br \/>\n41-306 D\u0105browa G\u00f3rnicza, Ro\u017adzie\u0144skiego 14<br \/>\ntel. sekr. (+48) 77 77 94 91<br \/>\nfax sekr.: (+48) 77 77 94 91<br \/>\n<a href=\"https:\/\/www.heidelbergmaterials.pl\/pl\/przemialownia-ekocem\" target=\"_blank\" rel=\"noreferrer noopener nofollow\">https:\/\/www.heidelbergmaterials.pl\/pl\/przemialownia-ekocem<\/a><\/p>\n\n                                            <\/div>\n                                        <\/div>\n                                                                    <\/div>\n                            <\/div>\n                        <\/div>\n                                            <div class=\"row b-members__separator\">\n                            <div class=\"col-lg-3\">\n                                <img loading=\"lazy\" decoding=\"async\" width=\"119\" height=\"99\" src=\"https:\/\/www.polskicement.pl\/content\/uploads\/2025\/01\/gorka.png\" class=\"b-members__image\" alt=\"\" \/>\n                            <\/div>\n                            <div class=\"col-lg-9\">\n                                <div class=\"row\">\n                                                                            <div class=\"col-lg-4\">\n                                            <div class=\"b-members__content\">\n                                                <p><strong>G\u00f3rka Cement Sp. z o.o.<\/strong><\/p>\n<p>32-540 Trzebinia, 22 Lipca 58,<br \/>\ntel. centr.: (+48)\u00a032\u00a0612\u00a010\u00a069<br \/>\ntel. sek. (+48)\u00a032\u00a0612\u00a029\u00a009<br \/>\ntel.\/fax sekr.: (+48) 32 623 34 50<br \/>\n<a href=\"http:\/\/www.gorka.com.pl\/\" rel=\"nofollow noopener\" target=\"_blank\">www.gorka.com.pl<\/a><br \/>\ne-mail:\u00a0<a href=\"mailto:sekretariat@gorka.com.pl\">sekretariat@gorka.com.pl<\/a><\/p>\n\n                                            <\/div>\n                                        <\/div>\n                                                                    <\/div>\n                            <\/div>\n                        <\/div>\n                                    <\/div>\n            <\/div>\n                    <div class=\"row b-members__spacer\">\n                <div class=\"col-lg-1 b-members__relative\">\n                    <span class=\"b-members__letter\">\n                        H\n                    <\/span>\n                <\/div>\n                <div class=\"col-lg-11\">\n                                            <div class=\"row b-members__separator\">\n                            <div class=\"col-lg-3\">\n                                <img loading=\"lazy\" decoding=\"async\" width=\"184\" height=\"52\" src=\"https:\/\/www.polskicement.pl\/content\/uploads\/2025\/01\/holcim.png\" class=\"b-members__image\" alt=\"\" \/>\n                            <\/div>\n                            <div class=\"col-lg-9\">\n                                <div class=\"row\">\n                                                                            <div class=\"col-lg-4\">\n                                            <div class=\"b-members__content\">\n                                                <p><strong>HOLCIM Polska S.A.<\/strong><\/p>\n<p><strong>Board Office<\/strong><br \/>\n02-305 Warszawa, Aleje Jerozolimskie 142B<br \/>\nWest Station II<br \/>\ntel.centr.: \u00a0(+48)\u00a022\u00a0324\u00a060\u00a000<br \/>\ntel.sekr.: \u00a0(+48)\u00a022\u00a0324\u00a062\u00a002<br \/>\nfax sekr.: (+48) 22 324 60 05<br \/>\n<a href=\"https:\/\/www.holcim.pl\/\" target=\"_blank\" rel=\"noreferrer noopener nofollow\">https:\/\/www.holcim.pl\/<br \/>\n<\/a>e-mail:\u00a0<a href=\"mailto:cok@holcim.com\">cok@holcim.com<\/a><\/p>\n\n                                            <\/div>\n                                        <\/div>\n                                                                            <div class=\"col-lg-4\">\n                                            <div class=\"b-members__content\">\n                                                <p><strong>Ma\u0142ogoszcz Cement Plant<\/strong><br \/>\n28-366 Ma\u0142ogoszcz, ul. Warszawska 110, \u015bwi\u0119tokrzyskie<br \/>\ntel. centr.: (+48)\u00a041\u00a0248\u00a070\u00a000<br \/>\nfax sekr.: (+48) 41 248\u00a070 01<br \/>\n<a href=\"https:\/\/www.holcim.pl\/\" target=\"_blank\" rel=\"noreferrer noopener nofollow\">https:\/\/www.holcim.pl\/<br \/>\n<\/a>e-mail:\u00a0<a href=\"mailto:cok@holcim.com\">cok@holcim.com<\/a><\/p>\n\n                                            <\/div>\n                                        <\/div>\n                                                                            <div class=\"col-lg-4\">\n                                            <div class=\"b-members__content\">\n                                                <p><strong>Kujawy Cement Plant<\/strong><br \/>\n88-192 Piechcin, kujawsko-pomorskie<br \/>\ntel.centr.: (+48)\u00a052\u00a0586\u00a050\u00a000<br \/>\nfax: (+48) 52 586 50 02<br \/>\n<a href=\"https:\/\/www.holcim.pl\/\" target=\"_blank\" rel=\"noreferrer noopener nofollow\">https:\/\/www.holcim.pl\/<br \/>\n<\/a>e-mail:\u00a0<a href=\"mailto:cok@holcim.com\">cok@holcim.com<\/a><\/p>\n\n                                            <\/div>\n                                        <\/div>\n                                                                    <\/div>\n                            <\/div>\n                        <\/div>\n                                    <\/div>\n            <\/div>\n            <\/div>\n<\/div>\n","protected":false},"excerpt":{"rendered":"","protected":false},"author":1,"featured_media":0,"parent":22302,"menu_order":11,"comment_status":"closed","ping_status":"closed","template":"","meta":{"_acf_changed":false,"inline_featured_image":false,"footnotes":""},"class_list":["post-22306","page","type-page","status-publish","hentry"],"acf":[],"_links":{"self":[{"href":"https:\/\/www.polskicement.pl\/en\/wp-json\/wp\/v2\/pages\/22306","targetHints":{"allow":["GET"]}}],"collection":[{"href":"https:\/\/www.polskicement.pl\/en\/wp-json\/wp\/v2\/pages"}],"about":[{"href":"https:\/\/www.polskicement.pl\/en\/wp-json\/wp\/v2\/types\/page"}],"author":[{"embeddable":true,"href":"https:\/\/www.polskicement.pl\/en\/wp-json\/wp\/v2\/users\/1"}],"replies":[{"embeddable":true,"href":"https:\/\/www.polskicement.pl\/en\/wp-json\/wp\/v2\/comments?post=22306"}],"version-history":[{"count":3,"href":"https:\/\/www.polskicement.pl\/en\/wp-json\/wp\/v2\/pages\/22306\/revisions"}],"predecessor-version":[{"id":22544,"href":"https:\/\/www.polskicement.pl\/en\/wp-json\/wp\/v2\/pages\/22306\/revisions\/22544"}],"up":[{"embeddable":true,"href":"https:\/\/www.polskicement.pl\/en\/wp-json\/wp\/v2\/pages\/22302"}],"wp:attachment":[{"href":"https:\/\/www.polskicement.pl\/en\/wp-json\/wp\/v2\/media?parent=22306"}],"curies":[{"name":"wp","href":"https:\/\/api.w.org\/{rel}","templated":true}]}}