{"id":22320,"date":"2024-12-17T11:52:05","date_gmt":"2024-12-17T10:52:05","guid":{"rendered":"https:\/\/www.polskicement.pl\/about-us\/articles-of-association\/"},"modified":"2025-03-14T10:52:41","modified_gmt":"2025-03-14T09:52:41","slug":"articles-of-association","status":"publish","type":"page","link":"https:\/\/www.polskicement.pl\/en\/about-us\/articles-of-association\/","title":{"rendered":"Association Bylaws"},"content":{"rendered":"<section class=\"b-file\">\n    <div class=\"container\">\n        <div class=\"row\">\n            <div class=\"col-12 col-md-10 col-lg-8 offset-md-1 offset-lg-2\">\n                \n                \n                                    <div class=\"b-file__desc\">\n                        <p>Statut Stowarzyszenia Producent\u00f3w Cementu &#8211; tekst jednolity ze zmianami Nadzwyczajnego Walnego Zebrania Cz\u0142onk\u00f3w Stowarzyszenia Producent\u00f3w Cementu w dniu 25 czerwca 2020 r.<\/p>\n\n                    <\/div>\n                \n                \n                                    <div class=\"c-download-file\">\n    <div class=\"c-download-file__title\">Pobierz Statut w formacie .pdf<\/div>\n            <a class=\"c-download-file__link\" href=\"https:\/\/www.polskicement.pl\/content\/uploads\/2025\/01\/220526-STATUT-SPC-tekst-jednolity-PODPISY.pdf\"><svg width=\"32\" height=\"32\" viewBox=\"0 0 32 32\" fill=\"none\" xmlns=\"http:\/\/www.w3.org\/2000\/svg\">\n    <path\n        d=\"M28 20V25.3333C28 26.0406 27.719 26.7189 27.219 27.219C26.7189 27.719 26.0406 28 25.3333 28L6.66667 28C5.95942 28 5.28115 27.719 4.78105 27.219C4.28095 26.7189 4 26.0406 4 25.3333L4 20\"\n        stroke=\"#F35600\" stroke-width=\"2\" stroke-linecap=\"round\" stroke-linejoin=\"round\" \/>\n    <path d=\"M9.33301 13.333L15.9997 19.9997L22.6663 13.333\" stroke=\"#F35600\" stroke-width=\"2\" stroke-linecap=\"round\"\n        stroke-linejoin=\"round\" \/>\n    <path d=\"M16 20L16 4\" stroke=\"#F35600\" stroke-width=\"2\" stroke-linecap=\"round\" stroke-linejoin=\"round\" \/>\n<\/svg>\n            Pobierz .pdf\n        <\/a>\n    <\/div>                \n            <\/div>\n        <\/div>\n    <\/div>\n<\/section>\n\n\n<div id=\"block_12fb01dbe0e723e52f129e6dfaa62dc6\"\n     class=\"b-spacer b-spacer--bg-\"\n     style=\"--desktop: 100px; --mobile: 60px; \"><\/div>","protected":false},"excerpt":{"rendered":"","protected":false},"author":1,"featured_media":0,"parent":22302,"menu_order":38,"comment_status":"closed","ping_status":"closed","template":"","meta":{"_acf_changed":false,"inline_featured_image":false,"footnotes":""},"class_list":["post-22320","page","type-page","status-publish","hentry"],"acf":[],"_links":{"self":[{"href":"https:\/\/www.polskicement.pl\/en\/wp-json\/wp\/v2\/pages\/22320","targetHints":{"allow":["GET"]}}],"collection":[{"href":"https:\/\/www.polskicement.pl\/en\/wp-json\/wp\/v2\/pages"}],"about":[{"href":"https:\/\/www.polskicement.pl\/en\/wp-json\/wp\/v2\/types\/page"}],"author":[{"embeddable":true,"href":"https:\/\/www.polskicement.pl\/en\/wp-json\/wp\/v2\/users\/1"}],"replies":[{"embeddable":true,"href":"https:\/\/www.polskicement.pl\/en\/wp-json\/wp\/v2\/comments?post=22320"}],"version-history":[{"count":4,"href":"https:\/\/www.polskicement.pl\/en\/wp-json\/wp\/v2\/pages\/22320\/revisions"}],"predecessor-version":[{"id":22324,"href":"https:\/\/www.polskicement.pl\/en\/wp-json\/wp\/v2\/pages\/22320\/revisions\/22324"}],"up":[{"embeddable":true,"href":"https:\/\/www.polskicement.pl\/en\/wp-json\/wp\/v2\/pages\/22302"}],"wp:attachment":[{"href":"https:\/\/www.polskicement.pl\/en\/wp-json\/wp\/v2\/media?parent=22320"}],"curies":[{"name":"wp","href":"https:\/\/api.w.org\/{rel}","templated":true}]}}